{"id":18133,"date":"2022-09-28T16:47:54","date_gmt":"2022-09-28T16:47:54","guid":{"rendered":"https:\/\/preservepipa.com.br\/novo\/?page_id=18133"},"modified":"2022-09-28T17:41:26","modified_gmt":"2022-09-28T17:41:26","slug":"contatos","status":"publish","type":"page","link":"https:\/\/preservepipa.com\/en\/contatos\/","title":{"rendered":"Contatos"},"content":{"rendered":"<div data-elementor-type=\"wp-page\" data-elementor-id=\"18133\" class=\"elementor elementor-18133\" data-elementor-settings=\"{&quot;ha_cmc_init_switcher&quot;:&quot;no&quot;}\" data-elementor-post-type=\"page\">\n\t\t\t\t\t\t<section data-dce-background-overlay-image-url=\"https:\/\/preservepipa.com.br\/novo\/wp-content\/uploads\/2022\/09\/Preserve-Pipa-Logo_w.svg\" class=\"elementor-section elementor-top-section elementor-element elementor-element-2713311 elementor-section-content-top elementor-section-stretched elementor-section-boxed elementor-section-height-default elementor-section-height-default\" data-id=\"2713311\" data-element_type=\"section\" data-settings=\"{&quot;stretch_section&quot;:&quot;section-stretched&quot;,&quot;_ha_eqh_enable&quot;:false}\">\n\t\t\t\t\t\t\t<div class=\"elementor-background-overlay\"><\/div>\n\t\t\t\t\t\t\t<div class=\"elementor-container elementor-column-gap-default\">\n\t\t\t\t\t<div class=\"elementor-column elementor-col-33 elementor-top-column elementor-element elementor-element-723cab8d\" data-id=\"723cab8d\" data-element_type=\"column\">\n\t\t\t<div class=\"elementor-widget-wrap\">\n\t\t\t\t\t\t\t<\/div>\n\t\t<\/div>\n\t\t\t\t<div class=\"elementor-column elementor-col-33 elementor-top-column elementor-element elementor-element-f4b2e6c\" data-id=\"f4b2e6c\" data-element_type=\"column\">\n\t\t\t<div class=\"elementor-widget-wrap elementor-element-populated\">\n\t\t\t\t\t\t<div class=\"elementor-element elementor-element-1a67bc02 elementor-align-right elementor-absolute elementor-widget elementor-widget-button\" data-id=\"1a67bc02\" data-element_type=\"widget\" data-settings=\"{&quot;_position&quot;:&quot;absolute&quot;}\" data-widget_type=\"button.default\">\n\t\t\t\t<div class=\"elementor-widget-container\">\n\t\t\t\t\t\t\t\t\t<div class=\"elementor-button-wrapper\">\n\t\t\t\t\t<a class=\"elementor-button elementor-button-link elementor-size-md\" href=\"https:\/\/preservepipa.com.br\/contatos\/preserve_pipa.vcf\" target=\"_blank\">\n\t\t\t\t\t\t<span class=\"elementor-button-content-wrapper\">\n\t\t\t\t\t\t<span class=\"elementor-button-icon\">\n\t\t\t\t<i aria-hidden=\"true\" class=\"fas fa-download\"><\/i>\t\t\t<\/span>\n\t\t\t\t\t\t\t\t\t<span class=\"elementor-button-text\">Salvar<\/span>\n\t\t\t\t\t<\/span>\n\t\t\t\t\t<\/a>\n\t\t\t\t<\/div>\n\t\t\t\t\t\t\t\t<\/div>\n\t\t\t\t<\/div>\n\t\t\t\t<div class=\"elementor-element elementor-element-7c9855bf dce_masking-none elementor-widget elementor-widget-image\" data-id=\"7c9855bf\" data-element_type=\"widget\" data-widget_type=\"image.default\">\n\t\t\t\t<div class=\"elementor-widget-container\">\n\t\t\t\t\t\t\t\t\t\t\t\t\t\t\t<img decoding=\"async\" width=\"49\" height=\"49\" src=\"https:\/\/preservepipa.com\/wp-content\/uploads\/2022\/09\/Preserve-Pipa-Logo_w.svg\" class=\"attachment-full size-full wp-image-20\" alt=\"\" \/>\t\t\t\t\t\t\t\t\t\t\t\t\t\t\t<\/div>\n\t\t\t\t<\/div>\n\t\t\t\t<div class=\"elementor-element elementor-element-3ff751de elementor-widget elementor-widget-spacer\" data-id=\"3ff751de\" data-element_type=\"widget\" data-widget_type=\"spacer.default\">\n\t\t\t\t<div class=\"elementor-widget-container\">\n\t\t\t\t\t\t\t<div class=\"elementor-spacer\">\n\t\t\t<div class=\"elementor-spacer-inner\"><\/div>\n\t\t<\/div>\n\t\t\t\t\t\t<\/div>\n\t\t\t\t<\/div>\n\t\t\t\t<div data-dce-advanced-background-hover-color=\"#6FC59A\" class=\"elementor-element elementor-element-69166932 elementor-widget__width-auto elementor-view-default ha-has-bg-overlay elementor-invisible elementor-widget elementor-widget-icon\" data-id=\"69166932\" data-element_type=\"widget\" data-settings=\"{&quot;_animation&quot;:&quot;bounceInUp&quot;}\" data-widget_type=\"icon.default\">\n\t\t\t\t<div class=\"elementor-widget-container\">\n\t\t\t\t\t\t\t<div class=\"elementor-icon-wrapper\">\n\t\t\t<a class=\"elementor-icon\" href=\"tel:84994138429\" target=\"_blank\">\n\t\t\t<i aria-hidden=\"true\" class=\"fas fa-phone-alt\"><\/i>\t\t\t<\/a>\n\t\t<\/div>\n\t\t\t\t\t\t<\/div>\n\t\t\t\t<\/div>\n\t\t\t\t<div data-dce-advanced-background-hover-color=\"#6FC59A\" class=\"elementor-element elementor-element-74adf4d elementor-widget__width-auto elementor-view-default ha-has-bg-overlay elementor-invisible elementor-widget elementor-widget-icon\" data-id=\"74adf4d\" data-element_type=\"widget\" data-settings=\"{&quot;_animation&quot;:&quot;bounceInUp&quot;}\" data-widget_type=\"icon.default\">\n\t\t\t\t<div class=\"elementor-widget-container\">\n\t\t\t\t\t\t\t<div class=\"elementor-icon-wrapper\">\n\t\t\t<a class=\"elementor-icon\" href=\"https:\/\/wa.me\/5584994138429\" target=\"_blank\">\n\t\t\t<i aria-hidden=\"true\" class=\"fab fa-whatsapp\"><\/i>\t\t\t<\/a>\n\t\t<\/div>\n\t\t\t\t\t\t<\/div>\n\t\t\t\t<\/div>\n\t\t\t\t<div data-dce-advanced-background-hover-color=\"#6FC59A\" class=\"elementor-element elementor-element-309a9d8f elementor-widget__width-auto elementor-view-default ha-has-bg-overlay elementor-invisible elementor-widget elementor-widget-icon\" data-id=\"309a9d8f\" data-element_type=\"widget\" data-settings=\"{&quot;_animation&quot;:&quot;bounceInUp&quot;}\" data-widget_type=\"icon.default\">\n\t\t\t\t<div class=\"elementor-widget-container\">\n\t\t\t\t\t\t\t<div class=\"elementor-icon-wrapper\">\n\t\t\t<a class=\"elementor-icon\" href=\"mailto:preservepipa@gmail.com\" target=\"_blank\">\n\t\t\t<i aria-hidden=\"true\" class=\"far fa-envelope\"><\/i>\t\t\t<\/a>\n\t\t<\/div>\n\t\t\t\t\t\t<\/div>\n\t\t\t\t<\/div>\n\t\t\t\t<div class=\"elementor-element elementor-element-4edfe327 elementor-widget elementor-widget-spacer\" data-id=\"4edfe327\" data-element_type=\"widget\" data-widget_type=\"spacer.default\">\n\t\t\t\t<div class=\"elementor-widget-container\">\n\t\t\t\t\t\t\t<div class=\"elementor-spacer\">\n\t\t\t<div class=\"elementor-spacer-inner\"><\/div>\n\t\t<\/div>\n\t\t\t\t\t\t<\/div>\n\t\t\t\t<\/div>\n\t\t\t\t<div data-dce-advanced-background-hover-color=\"#6FC59A\" class=\"elementor-element elementor-element-2770cb37 elementor-widget__width-auto elementor-view-default ha-has-bg-overlay elementor-invisible elementor-widget elementor-widget-icon\" data-id=\"2770cb37\" data-element_type=\"widget\" data-settings=\"{&quot;_animation&quot;:&quot;bounceInUp&quot;}\" data-widget_type=\"icon.default\">\n\t\t\t\t<div class=\"elementor-widget-container\">\n\t\t\t\t\t\t\t<div class=\"elementor-icon-wrapper\">\n\t\t\t<a class=\"elementor-icon\" href=\"https:\/\/preservepipa.com.br\/\" target=\"_blank\">\n\t\t\t<i aria-hidden=\"true\" class=\"fas fa-mouse-pointer\"><\/i>\t\t\t<\/a>\n\t\t<\/div>\n\t\t\t\t\t\t<\/div>\n\t\t\t\t<\/div>\n\t\t\t\t<div data-dce-advanced-background-hover-color=\"#6FC59A\" class=\"elementor-element elementor-element-3cc0a3d elementor-widget__width-auto elementor-view-default ha-has-bg-overlay elementor-invisible elementor-widget elementor-widget-icon\" data-id=\"3cc0a3d\" data-element_type=\"widget\" data-settings=\"{&quot;_animation&quot;:&quot;bounceInUp&quot;}\" data-widget_type=\"icon.default\">\n\t\t\t\t<div class=\"elementor-widget-container\">\n\t\t\t\t\t\t\t<div class=\"elementor-icon-wrapper\">\n\t\t\t<a class=\"elementor-icon\" href=\"https:\/\/preservepipa.com.br\/hospedagem\/?utm_medium=social&#038;utm_source=wp-link-bio&#038;utm_campaign=hospedagens\" target=\"_blank\">\n\t\t\t<i aria-hidden=\"true\" class=\"far fa-calendar-check\"><\/i>\t\t\t<\/a>\n\t\t<\/div>\n\t\t\t\t\t\t<\/div>\n\t\t\t\t<\/div>\n\t\t\t\t<div data-dce-advanced-background-hover-color=\"#6FC59A\" class=\"elementor-element elementor-element-04e4a42 elementor-widget__width-auto elementor-view-default ha-has-bg-overlay elementor-invisible elementor-widget elementor-widget-icon\" data-id=\"04e4a42\" data-element_type=\"widget\" data-settings=\"{&quot;_animation&quot;:&quot;bounceInUp&quot;}\" data-widget_type=\"icon.default\">\n\t\t\t\t<div class=\"elementor-widget-container\">\n\t\t\t\t\t\t\t<div class=\"elementor-icon-wrapper\">\n\t\t\t<a class=\"elementor-icon\" href=\"https:\/\/preservepipa.com.br\/o-preserve-pipa\/\" target=\"_blank\">\n\t\t\t<i aria-hidden=\"true\" class=\"fas fa-question\"><\/i>\t\t\t<\/a>\n\t\t<\/div>\n\t\t\t\t\t\t<\/div>\n\t\t\t\t<\/div>\n\t\t\t\t<div class=\"elementor-element elementor-element-74730dc3 elementor-widget elementor-widget-spacer\" data-id=\"74730dc3\" data-element_type=\"widget\" data-widget_type=\"spacer.default\">\n\t\t\t\t<div class=\"elementor-widget-container\">\n\t\t\t\t\t\t\t<div class=\"elementor-spacer\">\n\t\t\t<div class=\"elementor-spacer-inner\"><\/div>\n\t\t<\/div>\n\t\t\t\t\t\t<\/div>\n\t\t\t\t<\/div>\n\t\t\t\t<div data-dce-advanced-background-hover-color=\"#6FC59A\" class=\"elementor-element elementor-element-5ba4043a elementor-widget__width-auto elementor-view-default ha-has-bg-overlay elementor-invisible elementor-widget elementor-widget-icon\" data-id=\"5ba4043a\" data-element_type=\"widget\" data-settings=\"{&quot;_animation&quot;:&quot;bounceInUp&quot;}\" data-widget_type=\"icon.default\">\n\t\t\t\t<div class=\"elementor-widget-container\">\n\t\t\t\t\t\t\t<div class=\"elementor-icon-wrapper\">\n\t\t\t<a class=\"elementor-icon\" href=\"https:\/\/www.instagram.com\/preservepipa\/\" target=\"_blank\">\n\t\t\t<i aria-hidden=\"true\" class=\"fab fa-instagram\"><\/i>\t\t\t<\/a>\n\t\t<\/div>\n\t\t\t\t\t\t<\/div>\n\t\t\t\t<\/div>\n\t\t\t\t<div data-dce-advanced-background-hover-color=\"#6FC59A\" class=\"elementor-element elementor-element-cb95655 elementor-widget__width-auto elementor-view-default ha-has-bg-overlay elementor-invisible elementor-widget elementor-widget-icon\" data-id=\"cb95655\" data-element_type=\"widget\" data-settings=\"{&quot;_animation&quot;:&quot;bounceInUp&quot;}\" data-widget_type=\"icon.default\">\n\t\t\t\t<div class=\"elementor-widget-container\">\n\t\t\t\t\t\t\t<div class=\"elementor-icon-wrapper\">\n\t\t\t<a class=\"elementor-icon\" href=\"https:\/\/www.facebook.com\/preservepipa\" target=\"_blank\">\n\t\t\t<i aria-hidden=\"true\" class=\"fab fa-facebook-f\"><\/i>\t\t\t<\/a>\n\t\t<\/div>\n\t\t\t\t\t\t<\/div>\n\t\t\t\t<\/div>\n\t\t\t\t<div data-dce-advanced-background-hover-color=\"#6FC59A\" class=\"elementor-element elementor-element-9f43a22 elementor-widget__width-auto elementor-view-default ha-has-bg-overlay elementor-invisible elementor-widget elementor-widget-icon\" data-id=\"9f43a22\" data-element_type=\"widget\" data-settings=\"{&quot;_animation&quot;:&quot;bounceInUp&quot;}\" data-widget_type=\"icon.default\">\n\t\t\t\t<div class=\"elementor-widget-container\">\n\t\t\t\t\t\t\t<div class=\"elementor-icon-wrapper\">\n\t\t\t<a class=\"elementor-icon\" href=\"https:\/\/www.youtube.com\/channel\/UC0V5vuIH43kEDr1wYHavWmg?utm_medium=social&#038;utm_source=wp-link-bio&#038;utm_campaign=nosso-canal-no-youtube\" target=\"_blank\">\n\t\t\t<i aria-hidden=\"true\" class=\"fab fa-youtube\"><\/i>\t\t\t<\/a>\n\t\t<\/div>\n\t\t\t\t\t\t<\/div>\n\t\t\t\t<\/div>\n\t\t\t\t<div class=\"elementor-element elementor-element-20262ae4 elementor-widget elementor-widget-spacer\" data-id=\"20262ae4\" data-element_type=\"widget\" data-widget_type=\"spacer.default\">\n\t\t\t\t<div class=\"elementor-widget-container\">\n\t\t\t\t\t\t\t<div class=\"elementor-spacer\">\n\t\t\t<div class=\"elementor-spacer-inner\"><\/div>\n\t\t<\/div>\n\t\t\t\t\t\t<\/div>\n\t\t\t\t<\/div>\n\t\t\t\t<section class=\"elementor-section elementor-inner-section elementor-element elementor-element-339ec497 elementor-section-full_width elementor-section-height-default elementor-section-height-default elementor-invisible\" data-id=\"339ec497\" data-element_type=\"section\" data-settings=\"{&quot;animation&quot;:&quot;slideInLeft&quot;,&quot;_ha_eqh_enable&quot;:false}\">\n\t\t\t\t\t\t<div class=\"elementor-container elementor-column-gap-default\">\n\t\t\t\t\t<div class=\"elementor-column elementor-col-100 elementor-inner-column elementor-element elementor-element-2bc180a8\" data-id=\"2bc180a8\" data-element_type=\"column\">\n\t\t\t<div class=\"elementor-widget-wrap elementor-element-populated\">\n\t\t\t\t\t\t<div class=\"elementor-element elementor-element-448ce4cb elementor-widget__width-auto dce_masking-none ha-has-bg-overlay elementor-widget elementor-widget-image\" data-id=\"448ce4cb\" data-element_type=\"widget\" data-widget_type=\"image.default\">\n\t\t\t\t<div class=\"elementor-widget-container\">\n\t\t\t\t\t\t\t\t\t\t\t\t\t\t\t<img decoding=\"async\" src=\"https:\/\/preservepipa.com\/wp-content\/uploads\/elementor\/thumbs\/touch_icon-q2rxw6sx3u2t38ytoxea0la39jhyrmbfve6eciqnkm.png\" title=\"touch_icon.png\" alt=\"touch_icon.png\" loading=\"lazy\" \/>\t\t\t\t\t\t\t\t\t\t\t\t\t\t\t<\/div>\n\t\t\t\t<\/div>\n\t\t\t\t<div class=\"elementor-element elementor-element-7098eb99 elementor-widget__width-auto ha-has-bg-overlay elementor-widget elementor-widget-heading\" data-id=\"7098eb99\" data-element_type=\"widget\" data-widget_type=\"heading.default\">\n\t\t\t\t<div class=\"elementor-widget-container\">\n\t\t\t\t\t<h2 class=\"elementor-heading-title elementor-size-default\">Este \u00e9 um cart\u00e3o digital. <br> Toque nos \u00edcones para interagir.<\/h2>\t\t\t\t<\/div>\n\t\t\t\t<\/div>\n\t\t\t\t\t<\/div>\n\t\t<\/div>\n\t\t\t\t\t<\/div>\n\t\t<\/section>\n\t\t\t\t\t<\/div>\n\t\t<\/div>\n\t\t\t\t<div class=\"elementor-column elementor-col-33 elementor-top-column elementor-element elementor-element-6dec298c\" data-id=\"6dec298c\" data-element_type=\"column\">\n\t\t\t<div class=\"elementor-widget-wrap\">\n\t\t\t\t\t\t\t<\/div>\n\t\t<\/div>\n\t\t\t\t\t<\/div>\n\t\t<\/section>\n\t\t\t\t<\/div>","protected":false},"excerpt":{"rendered":"<p>Salvar Este \u00e9 um cart\u00e3o digital. Toque nos \u00edcones para interagir.<\/p>","protected":false},"author":10,"featured_media":0,"parent":0,"menu_order":0,"comment_status":"closed","ping_status":"closed","template":"elementor_canvas","meta":{"footnotes":""},"class_list":["post-18133","page","type-page","status-publish","hentry"],"yoast_head":"<!-- This site is optimized with the Yoast SEO Premium plugin v21.2 (Yoast SEO v24.2) - https:\/\/yoast.com\/wordpress\/plugins\/seo\/ -->\n<title>Contatos - Hot\u00e9is em Pipa<\/title>\n<meta name=\"robots\" content=\"index, follow, max-snippet:-1, max-image-preview:large, max-video-preview:-1\" \/>\n<link rel=\"canonical\" href=\"https:\/\/preservepipa.com\/en\/wp-json\/wp\/v2\/pages\/18133\" \/>\n<meta property=\"og:locale\" content=\"en_US\" \/>\n<meta property=\"og:type\" content=\"article\" \/>\n<meta property=\"og:title\" content=\"Contatos\" \/>\n<meta property=\"og:description\" content=\"Salvar Este \u00e9 um cart\u00e3o digital. Toque nos \u00edcones para interagir.\" \/>\n<meta property=\"og:url\" content=\"https:\/\/preservepipa.com\/en\/contatos\/\" \/>\n<meta property=\"og:site_name\" content=\"Hot\u00e9is em Pipa\" \/>\n<meta property=\"article:publisher\" content=\"https:\/\/www.facebook.com\/preservepipa\" \/>\n<meta property=\"article:modified_time\" content=\"2022-09-28T17:41:26+00:00\" \/>\n<meta property=\"og:image\" content=\"https:\/\/preservepipa.com.br\/novo\/wp-content\/uploads\/2022\/09\/Preserve-Pipa-Logo_w.svg\" \/>\n<meta name=\"twitter:card\" content=\"summary_large_image\" \/>\n<script type=\"application\/ld+json\" class=\"yoast-schema-graph\">{\"@context\":\"https:\/\/schema.org\",\"@graph\":[{\"@type\":\"WebPage\",\"@id\":\"https:\/\/preservepipa.com\/contatos\/\",\"url\":\"https:\/\/preservepipa.com\/contatos\/\",\"name\":\"Contatos - Hot\u00e9is em Pipa\",\"isPartOf\":{\"@id\":\"https:\/\/preservepipa.com\/#website\"},\"primaryImageOfPage\":{\"@id\":\"https:\/\/preservepipa.com\/contatos\/#primaryimage\"},\"image\":{\"@id\":\"https:\/\/preservepipa.com\/contatos\/#primaryimage\"},\"thumbnailUrl\":\"https:\/\/preservepipa.com.br\/novo\/wp-content\/uploads\/2022\/09\/Preserve-Pipa-Logo_w.svg\",\"datePublished\":\"2022-09-28T16:47:54+00:00\",\"dateModified\":\"2022-09-28T17:41:26+00:00\",\"breadcrumb\":{\"@id\":\"https:\/\/preservepipa.com\/contatos\/#breadcrumb\"},\"inLanguage\":\"en-US\",\"potentialAction\":[{\"@type\":\"ReadAction\",\"target\":[\"https:\/\/preservepipa.com\/contatos\/\"]}]},{\"@type\":\"ImageObject\",\"inLanguage\":\"en-US\",\"@id\":\"https:\/\/preservepipa.com\/contatos\/#primaryimage\",\"url\":\"https:\/\/preservepipa.com.br\/novo\/wp-content\/uploads\/2022\/09\/Preserve-Pipa-Logo_w.svg\",\"contentUrl\":\"https:\/\/preservepipa.com.br\/novo\/wp-content\/uploads\/2022\/09\/Preserve-Pipa-Logo_w.svg\"},{\"@type\":\"BreadcrumbList\",\"@id\":\"https:\/\/preservepipa.com\/contatos\/#breadcrumb\",\"itemListElement\":[{\"@type\":\"ListItem\",\"position\":1,\"name\":\"Home\",\"item\":\"https:\/\/preservepipa.com\/\"},{\"@type\":\"ListItem\",\"position\":2,\"name\":\"Contatos\"}]},{\"@type\":\"WebSite\",\"@id\":\"https:\/\/preservepipa.com\/#website\",\"url\":\"https:\/\/preservepipa.com\/\",\"name\":\"Hot\u00e9is em Pipa\",\"description\":\"Preserve Pipa\",\"publisher\":{\"@id\":\"https:\/\/preservepipa.com\/#organization\"},\"alternateName\":\"Hot\u00e9is em Pipa\",\"potentialAction\":[{\"@type\":\"SearchAction\",\"target\":{\"@type\":\"EntryPoint\",\"urlTemplate\":\"https:\/\/preservepipa.com\/?s={search_term_string}\"},\"query-input\":{\"@type\":\"PropertyValueSpecification\",\"valueRequired\":true,\"valueName\":\"search_term_string\"}}],\"inLanguage\":\"en-US\"},{\"@type\":\"Organization\",\"@id\":\"https:\/\/preservepipa.com\/#organization\",\"name\":\"Hot\u00e9is em Pipa\",\"url\":\"https:\/\/preservepipa.com\/\",\"logo\":{\"@type\":\"ImageObject\",\"inLanguage\":\"en-US\",\"@id\":\"https:\/\/preservepipa.com\/#\/schema\/logo\/image\/\",\"url\":\"https:\/\/preservepipa.com\/wp-content\/uploads\/2022\/09\/preserve-pipa-logo.svg\",\"contentUrl\":\"https:\/\/preservepipa.com\/wp-content\/uploads\/2022\/09\/preserve-pipa-logo.svg\",\"width\":426,\"height\":56,\"caption\":\"Hot\u00e9is em Pipa\"},\"image\":{\"@id\":\"https:\/\/preservepipa.com\/#\/schema\/logo\/image\/\"},\"sameAs\":[\"https:\/\/www.facebook.com\/preservepipa\",\"https:\/\/www.instagram.com\/preservepipa\"]}]}<\/script>\n<!-- \/ Yoast SEO Premium plugin. -->","yoast_head_json":{"title":"Contatos - Hot\u00e9is em Pipa","robots":{"index":"index","follow":"follow","max-snippet":"max-snippet:-1","max-image-preview":"max-image-preview:large","max-video-preview":"max-video-preview:-1"},"canonical":"https:\/\/preservepipa.com\/en\/wp-json\/wp\/v2\/pages\/18133","og_locale":"en_US","og_type":"article","og_title":"Contatos","og_description":"Salvar Este \u00e9 um cart\u00e3o digital. Toque nos \u00edcones para interagir.","og_url":"https:\/\/preservepipa.com\/en\/contatos\/","og_site_name":"Hot\u00e9is em Pipa","article_publisher":"https:\/\/www.facebook.com\/preservepipa","article_modified_time":"2022-09-28T17:41:26+00:00","og_image":[{"url":"https:\/\/preservepipa.com.br\/novo\/wp-content\/uploads\/2022\/09\/Preserve-Pipa-Logo_w.svg","type":"","width":"","height":""}],"twitter_card":"summary_large_image","schema":{"@context":"https:\/\/schema.org","@graph":[{"@type":"WebPage","@id":"https:\/\/preservepipa.com\/contatos\/","url":"https:\/\/preservepipa.com\/contatos\/","name":"Contatos - Hot\u00e9is em Pipa","isPartOf":{"@id":"https:\/\/preservepipa.com\/#website"},"primaryImageOfPage":{"@id":"https:\/\/preservepipa.com\/contatos\/#primaryimage"},"image":{"@id":"https:\/\/preservepipa.com\/contatos\/#primaryimage"},"thumbnailUrl":"https:\/\/preservepipa.com.br\/novo\/wp-content\/uploads\/2022\/09\/Preserve-Pipa-Logo_w.svg","datePublished":"2022-09-28T16:47:54+00:00","dateModified":"2022-09-28T17:41:26+00:00","breadcrumb":{"@id":"https:\/\/preservepipa.com\/contatos\/#breadcrumb"},"inLanguage":"en-US","potentialAction":[{"@type":"ReadAction","target":["https:\/\/preservepipa.com\/contatos\/"]}]},{"@type":"ImageObject","inLanguage":"en-US","@id":"https:\/\/preservepipa.com\/contatos\/#primaryimage","url":"https:\/\/preservepipa.com.br\/novo\/wp-content\/uploads\/2022\/09\/Preserve-Pipa-Logo_w.svg","contentUrl":"https:\/\/preservepipa.com.br\/novo\/wp-content\/uploads\/2022\/09\/Preserve-Pipa-Logo_w.svg"},{"@type":"BreadcrumbList","@id":"https:\/\/preservepipa.com\/contatos\/#breadcrumb","itemListElement":[{"@type":"ListItem","position":1,"name":"Home","item":"https:\/\/preservepipa.com\/"},{"@type":"ListItem","position":2,"name":"Contatos"}]},{"@type":"WebSite","@id":"https:\/\/preservepipa.com\/#website","url":"https:\/\/preservepipa.com\/","name":"Hot\u00e9is em Pipa","description":"Preserve Pipa","publisher":{"@id":"https:\/\/preservepipa.com\/#organization"},"alternateName":"Hot\u00e9is em Pipa","potentialAction":[{"@type":"SearchAction","target":{"@type":"EntryPoint","urlTemplate":"https:\/\/preservepipa.com\/?s={search_term_string}"},"query-input":{"@type":"PropertyValueSpecification","valueRequired":true,"valueName":"search_term_string"}}],"inLanguage":"en-US"},{"@type":"Organization","@id":"https:\/\/preservepipa.com\/#organization","name":"Hot\u00e9is em Pipa","url":"https:\/\/preservepipa.com\/","logo":{"@type":"ImageObject","inLanguage":"en-US","@id":"https:\/\/preservepipa.com\/#\/schema\/logo\/image\/","url":"https:\/\/preservepipa.com\/wp-content\/uploads\/2022\/09\/preserve-pipa-logo.svg","contentUrl":"https:\/\/preservepipa.com\/wp-content\/uploads\/2022\/09\/preserve-pipa-logo.svg","width":426,"height":56,"caption":"Hot\u00e9is em Pipa"},"image":{"@id":"https:\/\/preservepipa.com\/#\/schema\/logo\/image\/"},"sameAs":["https:\/\/www.facebook.com\/preservepipa","https:\/\/www.instagram.com\/preservepipa"]}]}},"_links":{"self":[{"href":"https:\/\/preservepipa.com\/en\/wp-json\/wp\/v2\/pages\/18133","targetHints":{"allow":["GET"]}}],"collection":[{"href":"https:\/\/preservepipa.com\/en\/wp-json\/wp\/v2\/pages"}],"about":[{"href":"https:\/\/preservepipa.com\/en\/wp-json\/wp\/v2\/types\/page"}],"author":[{"embeddable":true,"href":"https:\/\/preservepipa.com\/en\/wp-json\/wp\/v2\/users\/10"}],"replies":[{"embeddable":true,"href":"https:\/\/preservepipa.com\/en\/wp-json\/wp\/v2\/comments?post=18133"}],"version-history":[{"count":11,"href":"https:\/\/preservepipa.com\/en\/wp-json\/wp\/v2\/pages\/18133\/revisions"}],"predecessor-version":[{"id":20213,"href":"https:\/\/preservepipa.com\/en\/wp-json\/wp\/v2\/pages\/18133\/revisions\/20213"}],"wp:attachment":[{"href":"https:\/\/preservepipa.com\/en\/wp-json\/wp\/v2\/media?parent=18133"}],"curies":[{"name":"wp","href":"https:\/\/api.w.org\/{rel}","templated":true}]}}