{"id":18654,"date":"2022-10-31T16:02:48","date_gmt":"2022-10-31T16:02:48","guid":{"rendered":"https:\/\/preservepipa.com.br\/novo\/?page_id=18654"},"modified":"2022-12-19T12:50:26","modified_gmt":"2022-12-19T12:50:26","slug":"praia-da-pipa","status":"publish","type":"page","link":"https:\/\/preservepipa.com\/en\/praia-da-pipa\/","title":{"rendered":"Conhe\u00e7a Pipa"},"content":{"rendered":"<div data-elementor-type=\"wp-page\" data-elementor-id=\"18654\" class=\"elementor elementor-18654\" data-elementor-settings=\"{&quot;ha_cmc_init_switcher&quot;:&quot;no&quot;}\" data-elementor-post-type=\"page\">\n\t\t\t\t\t\t<section class=\"elementor-section elementor-top-section elementor-element elementor-element-a9ea486 elementor-section-boxed elementor-section-height-default elementor-section-height-default\" data-id=\"a9ea486\" data-element_type=\"section\" data-settings=\"{&quot;_ha_eqh_enable&quot;:false}\">\n\t\t\t\t\t\t<div class=\"elementor-container elementor-column-gap-default\">\n\t\t\t\t\t<div class=\"elementor-column elementor-col-50 elementor-top-column elementor-element elementor-element-aa83ff8\" data-id=\"aa83ff8\" data-element_type=\"column\">\n\t\t\t<div class=\"elementor-widget-wrap elementor-element-populated\">\n\t\t\t\t\t\t<div class=\"elementor-element elementor-element-bf649c3 elementor-widget elementor-widget-text-editor\" data-id=\"bf649c3\" data-element_type=\"widget\" data-widget_type=\"text-editor.default\">\n\t\t\t\t<div class=\"elementor-widget-container\">\n\t\t\t\t\t\t\t\t\t<p>A Praia de Pipa esta localizada no munic\u00edpio de Tibau do Sul, ficando a 85 km de Natal, capital do estado do Rio Grande do Norte, Brasil. \u00c9 o principal balne\u00e1rio do Litoral Sul do estado, que inclui ainda praias como Ponta do Madeiro e Praia do Amor.<\/p><p>A mais at\u00edpica caracter\u00edstica desse para\u00edso tropical \u00e9 a jun\u00e7\u00e3o entre dunas imponentes sobrepostas no horizonte em cima dos tabuleiros que acabam em fal\u00e9sias geomorfologicamente vivas pela a\u00e7\u00e3o do mar e ventos; n\u00e3o se conhece outro lugar do mundo em que a costa de dunas e fal\u00e9sias sedimentares se recombinem de forma t\u00e3o espetacular com um verde denso que chega a tomar a parte frontal das fal\u00e9sias.<\/p>\t\t\t\t\t\t\t\t<\/div>\n\t\t\t\t<\/div>\n\t\t\t\t\t<\/div>\n\t\t<\/div>\n\t\t\t\t<div data-dce-background-image-url=\"https:\/\/preservepipa.com.br\/novo\/wp-content\/uploads\/2022\/10\/Experiencias-Santuario-Ecologico.jpg\" class=\"elementor-column elementor-col-50 elementor-top-column elementor-element elementor-element-f0044f7\" data-id=\"f0044f7\" data-element_type=\"column\" data-settings=\"{&quot;background_background&quot;:&quot;classic&quot;}\">\n\t\t\t<div class=\"elementor-widget-wrap elementor-element-populated\">\n\t\t\t\t\t\t<div class=\"elementor-element elementor-element-6578df5 elementor-widget elementor-widget-spacer\" data-id=\"6578df5\" data-element_type=\"widget\" data-widget_type=\"spacer.default\">\n\t\t\t\t<div class=\"elementor-widget-container\">\n\t\t\t\t\t\t\t<div class=\"elementor-spacer\">\n\t\t\t<div class=\"elementor-spacer-inner\"><\/div>\n\t\t<\/div>\n\t\t\t\t\t\t<\/div>\n\t\t\t\t<\/div>\n\t\t\t\t\t<\/div>\n\t\t<\/div>\n\t\t\t\t\t<\/div>\n\t\t<\/section>\n\t\t\t\t<section class=\"elementor-section elementor-top-section elementor-element elementor-element-9898d37 elementor-reverse-mobile elementor-section-boxed elementor-section-height-default elementor-section-height-default\" data-id=\"9898d37\" data-element_type=\"section\" data-settings=\"{&quot;_ha_eqh_enable&quot;:false}\">\n\t\t\t\t\t\t<div class=\"elementor-container elementor-column-gap-default\">\n\t\t\t\t\t<div data-dce-background-image-url=\"https:\/\/preservepipa.com.br\/novo\/wp-content\/uploads\/2022\/10\/Experiencias-Praia-do-Centro.jpg\" class=\"elementor-column elementor-col-50 elementor-top-column elementor-element elementor-element-5d5c7f4\" data-id=\"5d5c7f4\" data-element_type=\"column\" data-settings=\"{&quot;background_background&quot;:&quot;classic&quot;}\">\n\t\t\t<div class=\"elementor-widget-wrap elementor-element-populated\">\n\t\t\t\t\t\t<div class=\"elementor-element elementor-element-129a9a0 elementor-widget elementor-widget-spacer\" data-id=\"129a9a0\" data-element_type=\"widget\" data-widget_type=\"spacer.default\">\n\t\t\t\t<div class=\"elementor-widget-container\">\n\t\t\t\t\t\t\t<div class=\"elementor-spacer\">\n\t\t\t<div class=\"elementor-spacer-inner\"><\/div>\n\t\t<\/div>\n\t\t\t\t\t\t<\/div>\n\t\t\t\t<\/div>\n\t\t\t\t\t<\/div>\n\t\t<\/div>\n\t\t\t\t<div class=\"elementor-column elementor-col-50 elementor-top-column elementor-element elementor-element-2f3cf0a\" data-id=\"2f3cf0a\" data-element_type=\"column\">\n\t\t\t<div class=\"elementor-widget-wrap elementor-element-populated\">\n\t\t\t\t\t\t<div class=\"elementor-element elementor-element-2601e9c elementor-widget elementor-widget-text-editor\" data-id=\"2601e9c\" data-element_type=\"widget\" data-widget_type=\"text-editor.default\">\n\t\t\t\t<div class=\"elementor-widget-container\">\n\t\t\t\t\t\t\t\t\t<p>Inicialmente era uma pacata vila de pescadores, bem calma, tranquila, at\u00e9 ser frequentada por surfistas e logo em seguida turistas de todas as partes do planeta. \u00c9 famosa por ter uma das noites mais movimentadas do estado, possui grande n\u00famero de hot\u00e9is, pousadas, albergues, restaurantes, bares, discotecas e est\u00e1 sempre cheia, seja em alta ou baixa esta\u00e7\u00e3o.<\/p><p>Pipa continua sendo um lugar que atrai muitos surfistas em fun\u00e7\u00e3o de suas ondas, e recentemente vem sendo procurada tamb\u00e9m por praticantes de kitesurf, gra\u00e7as a combina\u00e7\u00e3o de belas ondas e bons ventos.<\/p><p>O nome \u201cpipa\u201d deve-se ao fato de que os portugueses ao passar de navio pelas proximidades avistaram uma pedra que lembrava um formato de uma pipa. Pipa, em Portugal, \u00e9 a denomina\u00e7\u00e3o mais usual para barril de vinho ou de azeite, forma que a pedra fazia lembrar.<\/p><p>A Praia de Pipa, em toda a sua extens\u00e3o, est\u00e1 definida como \u00e1rea de preserva\u00e7\u00e3o de tartarugas marinhas, segundo a Resolu\u00e7\u00e3o n.\u00ba10, de 24\/10\/1996, do Conselho Nacional do Meio Ambiente (CONAMA).<\/p>\t\t\t\t\t\t\t\t<\/div>\n\t\t\t\t<\/div>\n\t\t\t\t\t<\/div>\n\t\t<\/div>\n\t\t\t\t\t<\/div>\n\t\t<\/section>\n\t\t\t\t<section class=\"elementor-section elementor-top-section elementor-element elementor-element-adfb4f6 elementor-section-boxed elementor-section-height-default elementor-section-height-default\" data-id=\"adfb4f6\" data-element_type=\"section\" data-settings=\"{&quot;_ha_eqh_enable&quot;:false}\">\n\t\t\t\t\t\t<div class=\"elementor-container elementor-column-gap-default\">\n\t\t\t\t\t<div class=\"elementor-column elementor-col-50 elementor-top-column elementor-element elementor-element-b7c3e43\" data-id=\"b7c3e43\" data-element_type=\"column\">\n\t\t\t<div class=\"elementor-widget-wrap elementor-element-populated\">\n\t\t\t\t\t\t<div class=\"elementor-element elementor-element-64e0a9b elementor-widget elementor-widget-heading\" data-id=\"64e0a9b\" data-element_type=\"widget\" data-widget_type=\"heading.default\">\n\t\t\t\t<div class=\"elementor-widget-container\">\n\t\t\t\t\t<h2 class=\"elementor-heading-title elementor-size-default\">Como chegar em Pipa?<\/h2>\t\t\t\t<\/div>\n\t\t\t\t<\/div>\n\t\t\t\t<div class=\"elementor-element elementor-element-3188505 elementor-widget elementor-widget-text-editor\" data-id=\"3188505\" data-element_type=\"widget\" data-widget_type=\"text-editor.default\">\n\t\t\t\t<div class=\"elementor-widget-container\">\n\t\t\t\t\t\t\t\t\t<p>A proximidade com a capital Natal, facilita muito a vida de quem quer conhecer Pipa. Basta pegar a estrada e em uma hora de carro voc\u00ea poder\u00e1 desfrutar de algumas das mais belas praias do Brasil.<\/p><p><strong>Avi\u00e3o<\/strong><br \/>Estrangeiros e brasileiros que chegam ao Rio Grande do Norte com a inten\u00e7\u00e3o de ir apenas \u00e0 Pipa chegam principalmente pelo aeroporto de Natal. O\u00a0<strong>Aeroporto Internacional Augusto Severo \u00e9<\/strong>\u00a0o principal aeroporto do estado e fica em Parnamirim, cidade da regi\u00e3o metropolitana de Natal.<\/p><p>O trajeto entre o aeroporto e a Praia da Pipa pode ser feito de t\u00e1xi, e voc\u00ea tem a op\u00e7\u00e3o de negociar ida e volta com o taxista e conseguir um pre\u00e7o especial.<br \/><strong>\u00d4nibus<\/strong><br \/>O \u00f4nibus da Oceano \u00e9 um dos meios mais simples de acesso \u00e0 Praia da Pipa. \u00c9 um transporte do tipo executivo, sem ar-condicionado, que atende tamb\u00e9m os moradores entre Natal e Pipa, ou seja, para algumas vezes e a viagem dura em torno de duas horas.<\/p><p>Ele sai da Rodovi\u00e1ria de Natal, mas passa tamb\u00e9m no Natal Shopping e, nos dias \u00fateis, tem muitos hor\u00e1rios di\u00e1rios.<\/p><p><strong>Hor\u00e1rios de Sa\u00edda:<\/strong><br \/>Natal | Pipa<br \/>05:00 | 06:00<br \/>06:00 | 07:00<br \/>07:00 | 08:00<br \/>10:00 | 09:30<br \/>11:00 | 11:00<br \/>12:00 | 12:00<br \/>13:00 | 13:00<br \/>14:00 | 14:10<br \/>15:00 | 15:00<br \/>16:00 | 16:00<br \/>17:00 | 17:00<br \/>18:30 | 18:10<\/p><p><strong>Carro<\/strong><br \/>Quem vem do norte ou do sul, \u00a0de Natal ou Jo\u00e3o Pessoa, por exemplo, deve pegar a BR-101 at\u00e9 Goianinha; em Goianinha, deve seguir mais 25km pela RN-003, na dire\u00e7\u00e3o leste, margeando o litoral at\u00e9 Tibau do Sul e, em seguida, ver\u00e1 um acesso para Pipa.<\/p><p><strong>Para saber a melhor rota para voc\u00ea, basta clicar no bot\u00e3o \u201cMais Op\u00e7\u00f5es\u201d no mapa ao lado e inserir seu local de origem.<\/strong><\/p>\t\t\t\t\t\t\t\t<\/div>\n\t\t\t\t<\/div>\n\t\t\t\t\t<\/div>\n\t\t<\/div>\n\t\t\t\t<div class=\"elementor-column elementor-col-50 elementor-top-column elementor-element elementor-element-49cba19\" data-id=\"49cba19\" data-element_type=\"column\">\n\t\t\t<div class=\"elementor-widget-wrap elementor-element-populated\">\n\t\t\t\t\t\t<div class=\"elementor-element elementor-element-7878ba6 dce_masking-none elementor-widget elementor-widget-image\" data-id=\"7878ba6\" data-element_type=\"widget\" data-widget_type=\"image.default\">\n\t\t\t\t<div class=\"elementor-widget-container\">\n\t\t\t\t\t\t\t\t\t\t\t\t\t\t\t<img decoding=\"async\" src=\"https:\/\/preservepipa.com.br\/wp-content\/uploads\/2020\/01\/D02-ALTA-DSC_0137-92.jpg\" title=\"\" alt=\"\" loading=\"lazy\" \/>\t\t\t\t\t\t\t\t\t\t\t\t\t\t\t<\/div>\n\t\t\t\t<\/div>\n\t\t\t\t<div class=\"elementor-element elementor-element-2669cbd elementor-widget elementor-widget-html\" data-id=\"2669cbd\" data-element_type=\"widget\" data-widget_type=\"html.default\">\n\t\t\t\t<div class=\"elementor-widget-container\">\n\t\t\t\t\t<iframe src=\"https:\/\/www.google.com\/maps\/embed?pb=!1m19!1m8!1m3!1d63460.210349879475!2d-35.083793!3d-6.228997!3m2!1i1024!2i768!4f13.1!4m8!3e0!4m0!4m5!1s0x7b29ad52d1affcf%3A0x83616ed82aed7626!2sPipa%2C%20Tibau%20do%20Sul%20-%20RN%2C%2059178-000!3m2!1d-6.2289957!2d-35.0491825!5e0!3m2!1spt-BR!2sbr!4v1667232614448!5m2!1spt-BR!2sbr\" width=\"600\" height=\"700\" style=\"border:0;\" allowfullscreen=\"\" loading=\"lazy\" referrerpolicy=\"no-referrer-when-downgrade\"><\/iframe>\t\t\t\t<\/div>\n\t\t\t\t<\/div>\n\t\t\t\t\t<\/div>\n\t\t<\/div>\n\t\t\t\t\t<\/div>\n\t\t<\/section>\n\t\t\t\t<\/div>","protected":false},"excerpt":{"rendered":"<p>A Praia de Pipa esta localizada no munic\u00edpio de Tibau do Sul, ficando a 85 km de Natal, capital do estado do Rio Grande do Norte, Brasil. \u00c9 o principal balne\u00e1rio do Litoral Sul do estado, que inclui ainda praias como Ponta do Madeiro e Praia do Amor. A mais at\u00edpica caracter\u00edstica desse para\u00edso tropical [&hellip;]<\/p>","protected":false},"author":10,"featured_media":0,"parent":0,"menu_order":0,"comment_status":"closed","ping_status":"closed","template":"elementor_header_footer","meta":{"footnotes":""},"class_list":["post-18654","page","type-page","status-publish","hentry"],"yoast_head":"<!-- This site is optimized with the Yoast SEO Premium plugin v21.2 (Yoast SEO v24.2) - https:\/\/yoast.com\/wordpress\/plugins\/seo\/ -->\n<title>Conhe\u00e7a Pipa - Hot\u00e9is em Pipa<\/title>\n<meta name=\"robots\" content=\"index, follow, max-snippet:-1, max-image-preview:large, max-video-preview:-1\" \/>\n<link rel=\"canonical\" href=\"https:\/\/preservepipa.com\/en\/wp-json\/wp\/v2\/pages\/18654\" \/>\n<meta property=\"og:locale\" content=\"en_US\" \/>\n<meta property=\"og:type\" content=\"article\" \/>\n<meta property=\"og:title\" content=\"Conhe\u00e7a Pipa\" \/>\n<meta property=\"og:description\" content=\"A Praia de Pipa esta localizada no munic\u00edpio de Tibau do Sul, ficando a 85 km de Natal, capital do estado do Rio Grande do Norte, Brasil. \u00c9 o principal balne\u00e1rio do Litoral Sul do estado, que inclui ainda praias como Ponta do Madeiro e Praia do Amor. A mais at\u00edpica caracter\u00edstica desse para\u00edso tropical [&hellip;]\" \/>\n<meta property=\"og:url\" content=\"https:\/\/preservepipa.com\/en\/praia-da-pipa\/\" \/>\n<meta property=\"og:site_name\" content=\"Hot\u00e9is em Pipa\" \/>\n<meta property=\"article:publisher\" content=\"https:\/\/www.facebook.com\/preservepipa\" \/>\n<meta property=\"article:modified_time\" content=\"2022-12-19T12:50:26+00:00\" \/>\n<meta property=\"og:image\" content=\"https:\/\/preservepipa.com.br\/wp-content\/uploads\/2020\/01\/D02-ALTA-DSC_0137-92.jpg\" \/>\n<meta name=\"twitter:card\" content=\"summary_large_image\" \/>\n<meta name=\"twitter:label1\" content=\"Est. reading time\" \/>\n\t<meta name=\"twitter:data1\" content=\"4 minutes\" \/>\n<script type=\"application\/ld+json\" class=\"yoast-schema-graph\">{\"@context\":\"https:\/\/schema.org\",\"@graph\":[{\"@type\":\"WebPage\",\"@id\":\"https:\/\/preservepipa.com\/praia-da-pipa\/\",\"url\":\"https:\/\/preservepipa.com\/praia-da-pipa\/\",\"name\":\"Conhe\u00e7a Pipa - Hot\u00e9is em Pipa\",\"isPartOf\":{\"@id\":\"https:\/\/preservepipa.com\/#website\"},\"primaryImageOfPage\":{\"@id\":\"https:\/\/preservepipa.com\/praia-da-pipa\/#primaryimage\"},\"image\":{\"@id\":\"https:\/\/preservepipa.com\/praia-da-pipa\/#primaryimage\"},\"thumbnailUrl\":\"https:\/\/preservepipa.com.br\/wp-content\/uploads\/2020\/01\/D02-ALTA-DSC_0137-92.jpg\",\"datePublished\":\"2022-10-31T16:02:48+00:00\",\"dateModified\":\"2022-12-19T12:50:26+00:00\",\"breadcrumb\":{\"@id\":\"https:\/\/preservepipa.com\/praia-da-pipa\/#breadcrumb\"},\"inLanguage\":\"en-US\",\"potentialAction\":[{\"@type\":\"ReadAction\",\"target\":[\"https:\/\/preservepipa.com\/praia-da-pipa\/\"]}]},{\"@type\":\"ImageObject\",\"inLanguage\":\"en-US\",\"@id\":\"https:\/\/preservepipa.com\/praia-da-pipa\/#primaryimage\",\"url\":\"https:\/\/preservepipa.com.br\/wp-content\/uploads\/2020\/01\/D02-ALTA-DSC_0137-92.jpg\",\"contentUrl\":\"https:\/\/preservepipa.com.br\/wp-content\/uploads\/2020\/01\/D02-ALTA-DSC_0137-92.jpg\"},{\"@type\":\"BreadcrumbList\",\"@id\":\"https:\/\/preservepipa.com\/praia-da-pipa\/#breadcrumb\",\"itemListElement\":[{\"@type\":\"ListItem\",\"position\":1,\"name\":\"Home\",\"item\":\"https:\/\/preservepipa.com\/\"},{\"@type\":\"ListItem\",\"position\":2,\"name\":\"Conhe\u00e7a Pipa\"}]},{\"@type\":\"WebSite\",\"@id\":\"https:\/\/preservepipa.com\/#website\",\"url\":\"https:\/\/preservepipa.com\/\",\"name\":\"Hot\u00e9is em Pipa\",\"description\":\"Preserve Pipa\",\"publisher\":{\"@id\":\"https:\/\/preservepipa.com\/#organization\"},\"alternateName\":\"Hot\u00e9is em Pipa\",\"potentialAction\":[{\"@type\":\"SearchAction\",\"target\":{\"@type\":\"EntryPoint\",\"urlTemplate\":\"https:\/\/preservepipa.com\/?s={search_term_string}\"},\"query-input\":{\"@type\":\"PropertyValueSpecification\",\"valueRequired\":true,\"valueName\":\"search_term_string\"}}],\"inLanguage\":\"en-US\"},{\"@type\":\"Organization\",\"@id\":\"https:\/\/preservepipa.com\/#organization\",\"name\":\"Hot\u00e9is em Pipa\",\"url\":\"https:\/\/preservepipa.com\/\",\"logo\":{\"@type\":\"ImageObject\",\"inLanguage\":\"en-US\",\"@id\":\"https:\/\/preservepipa.com\/#\/schema\/logo\/image\/\",\"url\":\"https:\/\/preservepipa.com\/wp-content\/uploads\/2022\/09\/preserve-pipa-logo.svg\",\"contentUrl\":\"https:\/\/preservepipa.com\/wp-content\/uploads\/2022\/09\/preserve-pipa-logo.svg\",\"width\":426,\"height\":56,\"caption\":\"Hot\u00e9is em Pipa\"},\"image\":{\"@id\":\"https:\/\/preservepipa.com\/#\/schema\/logo\/image\/\"},\"sameAs\":[\"https:\/\/www.facebook.com\/preservepipa\",\"https:\/\/www.instagram.com\/preservepipa\"]}]}<\/script>\n<!-- \/ Yoast SEO Premium plugin. -->","yoast_head_json":{"title":"Conhe\u00e7a Pipa - Hot\u00e9is em Pipa","robots":{"index":"index","follow":"follow","max-snippet":"max-snippet:-1","max-image-preview":"max-image-preview:large","max-video-preview":"max-video-preview:-1"},"canonical":"https:\/\/preservepipa.com\/en\/wp-json\/wp\/v2\/pages\/18654","og_locale":"en_US","og_type":"article","og_title":"Conhe\u00e7a Pipa","og_description":"A Praia de Pipa esta localizada no munic\u00edpio de Tibau do Sul, ficando a 85 km de Natal, capital do estado do Rio Grande do Norte, Brasil. \u00c9 o principal balne\u00e1rio do Litoral Sul do estado, que inclui ainda praias como Ponta do Madeiro e Praia do Amor. A mais at\u00edpica caracter\u00edstica desse para\u00edso tropical [&hellip;]","og_url":"https:\/\/preservepipa.com\/en\/praia-da-pipa\/","og_site_name":"Hot\u00e9is em Pipa","article_publisher":"https:\/\/www.facebook.com\/preservepipa","article_modified_time":"2022-12-19T12:50:26+00:00","og_image":[{"url":"https:\/\/preservepipa.com.br\/wp-content\/uploads\/2020\/01\/D02-ALTA-DSC_0137-92.jpg","type":"","width":"","height":""}],"twitter_card":"summary_large_image","twitter_misc":{"Est. reading time":"4 minutes"},"schema":{"@context":"https:\/\/schema.org","@graph":[{"@type":"WebPage","@id":"https:\/\/preservepipa.com\/praia-da-pipa\/","url":"https:\/\/preservepipa.com\/praia-da-pipa\/","name":"Conhe\u00e7a Pipa - Hot\u00e9is em Pipa","isPartOf":{"@id":"https:\/\/preservepipa.com\/#website"},"primaryImageOfPage":{"@id":"https:\/\/preservepipa.com\/praia-da-pipa\/#primaryimage"},"image":{"@id":"https:\/\/preservepipa.com\/praia-da-pipa\/#primaryimage"},"thumbnailUrl":"https:\/\/preservepipa.com.br\/wp-content\/uploads\/2020\/01\/D02-ALTA-DSC_0137-92.jpg","datePublished":"2022-10-31T16:02:48+00:00","dateModified":"2022-12-19T12:50:26+00:00","breadcrumb":{"@id":"https:\/\/preservepipa.com\/praia-da-pipa\/#breadcrumb"},"inLanguage":"en-US","potentialAction":[{"@type":"ReadAction","target":["https:\/\/preservepipa.com\/praia-da-pipa\/"]}]},{"@type":"ImageObject","inLanguage":"en-US","@id":"https:\/\/preservepipa.com\/praia-da-pipa\/#primaryimage","url":"https:\/\/preservepipa.com.br\/wp-content\/uploads\/2020\/01\/D02-ALTA-DSC_0137-92.jpg","contentUrl":"https:\/\/preservepipa.com.br\/wp-content\/uploads\/2020\/01\/D02-ALTA-DSC_0137-92.jpg"},{"@type":"BreadcrumbList","@id":"https:\/\/preservepipa.com\/praia-da-pipa\/#breadcrumb","itemListElement":[{"@type":"ListItem","position":1,"name":"Home","item":"https:\/\/preservepipa.com\/"},{"@type":"ListItem","position":2,"name":"Conhe\u00e7a Pipa"}]},{"@type":"WebSite","@id":"https:\/\/preservepipa.com\/#website","url":"https:\/\/preservepipa.com\/","name":"Hot\u00e9is em Pipa","description":"Preserve Pipa","publisher":{"@id":"https:\/\/preservepipa.com\/#organization"},"alternateName":"Hot\u00e9is em Pipa","potentialAction":[{"@type":"SearchAction","target":{"@type":"EntryPoint","urlTemplate":"https:\/\/preservepipa.com\/?s={search_term_string}"},"query-input":{"@type":"PropertyValueSpecification","valueRequired":true,"valueName":"search_term_string"}}],"inLanguage":"en-US"},{"@type":"Organization","@id":"https:\/\/preservepipa.com\/#organization","name":"Hot\u00e9is em Pipa","url":"https:\/\/preservepipa.com\/","logo":{"@type":"ImageObject","inLanguage":"en-US","@id":"https:\/\/preservepipa.com\/#\/schema\/logo\/image\/","url":"https:\/\/preservepipa.com\/wp-content\/uploads\/2022\/09\/preserve-pipa-logo.svg","contentUrl":"https:\/\/preservepipa.com\/wp-content\/uploads\/2022\/09\/preserve-pipa-logo.svg","width":426,"height":56,"caption":"Hot\u00e9is em Pipa"},"image":{"@id":"https:\/\/preservepipa.com\/#\/schema\/logo\/image\/"},"sameAs":["https:\/\/www.facebook.com\/preservepipa","https:\/\/www.instagram.com\/preservepipa"]}]}},"_links":{"self":[{"href":"https:\/\/preservepipa.com\/en\/wp-json\/wp\/v2\/pages\/18654","targetHints":{"allow":["GET"]}}],"collection":[{"href":"https:\/\/preservepipa.com\/en\/wp-json\/wp\/v2\/pages"}],"about":[{"href":"https:\/\/preservepipa.com\/en\/wp-json\/wp\/v2\/types\/page"}],"author":[{"embeddable":true,"href":"https:\/\/preservepipa.com\/en\/wp-json\/wp\/v2\/users\/10"}],"replies":[{"embeddable":true,"href":"https:\/\/preservepipa.com\/en\/wp-json\/wp\/v2\/comments?post=18654"}],"version-history":[{"count":8,"href":"https:\/\/preservepipa.com\/en\/wp-json\/wp\/v2\/pages\/18654\/revisions"}],"predecessor-version":[{"id":19453,"href":"https:\/\/preservepipa.com\/en\/wp-json\/wp\/v2\/pages\/18654\/revisions\/19453"}],"wp:attachment":[{"href":"https:\/\/preservepipa.com\/en\/wp-json\/wp\/v2\/media?parent=18654"}],"curies":[{"name":"wp","href":"https:\/\/api.w.org\/{rel}","templated":true}]}}