{"id":18637,"date":"2022-10-31T15:57:06","date_gmt":"2022-10-31T15:57:06","guid":{"rendered":"https:\/\/preservepipa.com.br\/novo\/?page_id=18637"},"modified":"2023-12-04T15:45:35","modified_gmt":"2023-12-04T15:45:35","slug":"pipa-convention-e-visitors-bureau","status":"publish","type":"page","link":"https:\/\/preservepipa.com\/es\/pipa-convention-e-visitors-bureau\/","title":{"rendered":"Pipa Convention &amp; Visitors Bureau"},"content":{"rendered":"<div data-elementor-type=\"wp-page\" data-elementor-id=\"18637\" class=\"elementor elementor-18637\" data-elementor-settings=\"{&quot;ha_cmc_init_switcher&quot;:&quot;no&quot;}\" data-elementor-post-type=\"page\">\n\t\t\t\t\t\t<section class=\"elementor-section elementor-top-section elementor-element elementor-element-964a978 elementor-section-boxed elementor-section-height-default elementor-section-height-default\" data-id=\"964a978\" data-element_type=\"section\" data-settings=\"{&quot;_ha_eqh_enable&quot;:false}\">\n\t\t\t\t\t\t<div class=\"elementor-container elementor-column-gap-default\">\n\t\t\t\t\t<div class=\"elementor-column elementor-col-50 elementor-top-column elementor-element elementor-element-7a52c6d\" data-id=\"7a52c6d\" data-element_type=\"column\">\n\t\t\t<div class=\"elementor-widget-wrap elementor-element-populated\">\n\t\t\t\t\t\t<div class=\"elementor-element elementor-element-b792679 dce_masking-none elementor-widget elementor-widget-image\" data-id=\"b792679\" data-element_type=\"widget\" data-widget_type=\"image.default\">\n\t\t\t\t<div class=\"elementor-widget-container\">\n\t\t\t\t\t\t\t\t\t\t\t\t\t\t\t<img fetchpriority=\"high\" decoding=\"async\" width=\"800\" height=\"800\" src=\"https:\/\/preservepipa.com\/wp-content\/uploads\/2023\/12\/LOGOMARCA-Preserve-PIPA-Convention-1024x1024.jpeg\" class=\"attachment-large size-large wp-image-23727\" alt=\"\" srcset=\"https:\/\/preservepipa.com\/wp-content\/uploads\/2023\/12\/LOGOMARCA-Preserve-PIPA-Convention-1024x1024.jpeg 1024w, https:\/\/preservepipa.com\/wp-content\/uploads\/2023\/12\/LOGOMARCA-Preserve-PIPA-Convention-300x300.jpeg 300w, https:\/\/preservepipa.com\/wp-content\/uploads\/2023\/12\/LOGOMARCA-Preserve-PIPA-Convention-150x150.jpeg 150w, https:\/\/preservepipa.com\/wp-content\/uploads\/2023\/12\/LOGOMARCA-Preserve-PIPA-Convention-768x768.jpeg 768w, https:\/\/preservepipa.com\/wp-content\/uploads\/2023\/12\/LOGOMARCA-Preserve-PIPA-Convention-12x12.jpeg 12w, https:\/\/preservepipa.com\/wp-content\/uploads\/2023\/12\/LOGOMARCA-Preserve-PIPA-Convention.jpeg 1266w\" sizes=\"(max-width: 800px) 100vw, 800px\" \/>\t\t\t\t\t\t\t\t\t\t\t\t\t\t\t<\/div>\n\t\t\t\t<\/div>\n\t\t\t\t\t<\/div>\n\t\t<\/div>\n\t\t\t\t<div class=\"elementor-column elementor-col-50 elementor-top-column elementor-element elementor-element-372a2a1\" data-id=\"372a2a1\" data-element_type=\"column\">\n\t\t\t<div class=\"elementor-widget-wrap elementor-element-populated\">\n\t\t\t\t\t\t<div class=\"elementor-element elementor-element-676e3eb elementor-widget elementor-widget-text-editor\" data-id=\"676e3eb\" data-element_type=\"widget\" data-widget_type=\"text-editor.default\">\n\t\t\t\t<div class=\"elementor-widget-container\">\n\t\t\t\t\t\t\t\t\t<p>Os Conventions Bureaus est\u00e3o presentes no mundo todo, atuando na promo\u00e7\u00e3o dos destinos tur\u00edsticos e na capta\u00e7\u00e3o de eventos. S\u00e3o entidades que representam a cadeia privada do turismo.<\/p><p>S\u00e3o o porta-voz mais efetivo nas negocia\u00e7\u00f5es entre produtores de eventos e fornecedores, gerando boas oportunidades de neg\u00f3cios e fomentando a economia local.<\/p><p>Em Pipa, o Convention Bureau assume tamb\u00e9m uma fun\u00e7\u00e3o social, ocupando cadeiras em v\u00e1rios conselhos municipais, como o de turismo e meio ambiente. Al\u00e9m de fazer parte do movimento Preserve Pipa, que re\u00fane diversas associa\u00e7\u00f5es em prol da melhoria e preserva\u00e7\u00e3o do nosso destino.<\/p><p>Entre os benef\u00edcios em associar-se est\u00e1 a divulga\u00e7\u00e3o nas redes sociais do movimento Preserve Pipa, compras coletivas com outros associados, participa\u00e7\u00e3o em eventos realizados pelo Convention, receber informa\u00e7\u00f5es sobre as tend\u00eancias no turismo a n\u00edvel local, regional e internacional, e a possibilidade de fazer parte de uma rede de empres\u00e1rios locais engajados na divulga\u00e7\u00e3o do destino. Al\u00e9m disso, o associado far\u00e1 parte de um portf\u00f3lio de servi\u00e7os e neg\u00f3cios que estar\u00e1 dispon\u00edvel para os produtores de eventos na regi\u00e3o.<\/p><p>Se voc\u00ea empreende em Pipa e Tibau do Sul, participe do Pipa Convention &amp; Visitors Bureau e ajude a fortalecer a cadeia produtiva do turismo na regi\u00e3o!<\/p><p>Para associar-se ou informa\u00e7\u00f5es: (84) 99644-0947<br \/>e-mail: pipaconvention@gmail.com<\/p>\t\t\t\t\t\t\t\t<\/div>\n\t\t\t\t<\/div>\n\t\t\t\t\t<\/div>\n\t\t<\/div>\n\t\t\t\t\t<\/div>\n\t\t<\/section>\n\t\t\t\t<section class=\"elementor-section elementor-top-section elementor-element elementor-element-f275428 elementor-section-boxed elementor-section-height-default elementor-section-height-default\" data-id=\"f275428\" data-element_type=\"section\" data-settings=\"{&quot;_ha_eqh_enable&quot;:false}\">\n\t\t\t\t\t\t<div class=\"elementor-container elementor-column-gap-default\">\n\t\t\t\t\t<div class=\"elementor-column elementor-col-100 elementor-top-column elementor-element elementor-element-cad8509\" data-id=\"cad8509\" data-element_type=\"column\">\n\t\t\t<div class=\"elementor-widget-wrap elementor-element-populated\">\n\t\t\t\t\t\t<div class=\"elementor-element elementor-element-ae066c5 elementor-widget elementor-widget-image-gallery\" data-id=\"ae066c5\" data-element_type=\"widget\" data-widget_type=\"image-gallery.default\">\n\t\t\t\t<div class=\"elementor-widget-container\">\n\t\t\t\t\t\t\t<div class=\"elementor-image-gallery\">\n\t\t\t<div id='gallery-1' class='gallery galleryid-18637 gallery-columns-4 gallery-size-medium'><figure class='gallery-item'>\n\t\t\t<div class='gallery-icon landscape'>\n\t\t\t\t<a data-elementor-open-lightbox=\"yes\" data-elementor-lightbox-slideshow=\"ae066c5\" data-elementor-lightbox-title=\"Pipa Convention Bureau 01\" data-e-action-hash=\"#elementor-action%3Aaction%3Dlightbox%26settings%3DeyJpZCI6MTg2NDIsInVybCI6Imh0dHBzOlwvXC9wcmVzZXJ2ZXBpcGEuY29tXC93cC1jb250ZW50XC91cGxvYWRzXC8yMDIyXC8xMFwvUGlwYS1Db252ZW50aW9uLUJ1cmVhdS0wMS5qcGciLCJzbGlkZXNob3ciOiJhZTA2NmM1In0%3D\" href='https:\/\/preservepipa.com\/wp-content\/uploads\/2022\/10\/Pipa-Convention-Bureau-01.jpg'><img decoding=\"async\" width=\"300\" height=\"300\" src=\"https:\/\/preservepipa.com\/wp-content\/uploads\/2022\/10\/Pipa-Convention-Bureau-01-300x300.jpg\" class=\"attachment-medium size-medium\" alt=\"\" srcset=\"https:\/\/preservepipa.com\/wp-content\/uploads\/2022\/10\/Pipa-Convention-Bureau-01-300x300.jpg 300w, https:\/\/preservepipa.com\/wp-content\/uploads\/2022\/10\/Pipa-Convention-Bureau-01-1024x1024.jpg 1024w, https:\/\/preservepipa.com\/wp-content\/uploads\/2022\/10\/Pipa-Convention-Bureau-01-150x150.jpg 150w, https:\/\/preservepipa.com\/wp-content\/uploads\/2022\/10\/Pipa-Convention-Bureau-01-768x768.jpg 768w, https:\/\/preservepipa.com\/wp-content\/uploads\/2022\/10\/Pipa-Convention-Bureau-01.jpg 1280w\" sizes=\"(max-width: 300px) 100vw, 300px\" \/><\/a>\n\t\t\t<\/div><\/figure><figure class='gallery-item'>\n\t\t\t<div class='gallery-icon landscape'>\n\t\t\t\t<a data-elementor-open-lightbox=\"yes\" data-elementor-lightbox-slideshow=\"ae066c5\" data-elementor-lightbox-title=\"Pipa Convention Bureau 02\" data-e-action-hash=\"#elementor-action%3Aaction%3Dlightbox%26settings%3DeyJpZCI6MTg2NDMsInVybCI6Imh0dHBzOlwvXC9wcmVzZXJ2ZXBpcGEuY29tXC93cC1jb250ZW50XC91cGxvYWRzXC8yMDIyXC8xMFwvUGlwYS1Db252ZW50aW9uLUJ1cmVhdS0wMi5qcGciLCJzbGlkZXNob3ciOiJhZTA2NmM1In0%3D\" href='https:\/\/preservepipa.com\/wp-content\/uploads\/2022\/10\/Pipa-Convention-Bureau-02.jpg'><img decoding=\"async\" width=\"300\" height=\"300\" src=\"https:\/\/preservepipa.com\/wp-content\/uploads\/2022\/10\/Pipa-Convention-Bureau-02-300x300.jpg\" class=\"attachment-medium size-medium\" alt=\"\" srcset=\"https:\/\/preservepipa.com\/wp-content\/uploads\/2022\/10\/Pipa-Convention-Bureau-02-300x300.jpg 300w, https:\/\/preservepipa.com\/wp-content\/uploads\/2022\/10\/Pipa-Convention-Bureau-02-150x150.jpg 150w, https:\/\/preservepipa.com\/wp-content\/uploads\/2022\/10\/Pipa-Convention-Bureau-02.jpg 576w\" sizes=\"(max-width: 300px) 100vw, 300px\" \/><\/a>\n\t\t\t<\/div><\/figure><figure class='gallery-item'>\n\t\t\t<div class='gallery-icon landscape'>\n\t\t\t\t<a data-elementor-open-lightbox=\"yes\" data-elementor-lightbox-slideshow=\"ae066c5\" data-elementor-lightbox-title=\"Pipa Convention Bureau 03\" data-e-action-hash=\"#elementor-action%3Aaction%3Dlightbox%26settings%3DeyJpZCI6MTg2NDQsInVybCI6Imh0dHBzOlwvXC9wcmVzZXJ2ZXBpcGEuY29tXC93cC1jb250ZW50XC91cGxvYWRzXC8yMDIyXC8xMFwvUGlwYS1Db252ZW50aW9uLUJ1cmVhdS0wMy5qcGciLCJzbGlkZXNob3ciOiJhZTA2NmM1In0%3D\" href='https:\/\/preservepipa.com\/wp-content\/uploads\/2022\/10\/Pipa-Convention-Bureau-03.jpg'><img loading=\"lazy\" decoding=\"async\" width=\"300\" height=\"300\" src=\"https:\/\/preservepipa.com\/wp-content\/uploads\/2022\/10\/Pipa-Convention-Bureau-03-300x300.jpg\" class=\"attachment-medium size-medium\" alt=\"\" srcset=\"https:\/\/preservepipa.com\/wp-content\/uploads\/2022\/10\/Pipa-Convention-Bureau-03-300x300.jpg 300w, https:\/\/preservepipa.com\/wp-content\/uploads\/2022\/10\/Pipa-Convention-Bureau-03-150x150.jpg 150w, https:\/\/preservepipa.com\/wp-content\/uploads\/2022\/10\/Pipa-Convention-Bureau-03.jpg 576w\" sizes=\"(max-width: 300px) 100vw, 300px\" \/><\/a>\n\t\t\t<\/div><\/figure><figure class='gallery-item'>\n\t\t\t<div class='gallery-icon landscape'>\n\t\t\t\t<a data-elementor-open-lightbox=\"yes\" data-elementor-lightbox-slideshow=\"ae066c5\" data-elementor-lightbox-title=\"Pipa Convention Bureau 04\" data-e-action-hash=\"#elementor-action%3Aaction%3Dlightbox%26settings%3DeyJpZCI6MTg2NDUsInVybCI6Imh0dHBzOlwvXC9wcmVzZXJ2ZXBpcGEuY29tXC93cC1jb250ZW50XC91cGxvYWRzXC8yMDIyXC8xMFwvUGlwYS1Db252ZW50aW9uLUJ1cmVhdS0wNC5qcGciLCJzbGlkZXNob3ciOiJhZTA2NmM1In0%3D\" href='https:\/\/preservepipa.com\/wp-content\/uploads\/2022\/10\/Pipa-Convention-Bureau-04.jpg'><img loading=\"lazy\" decoding=\"async\" width=\"300\" height=\"300\" src=\"https:\/\/preservepipa.com\/wp-content\/uploads\/2022\/10\/Pipa-Convention-Bureau-04-300x300.jpg\" class=\"attachment-medium size-medium\" alt=\"\" srcset=\"https:\/\/preservepipa.com\/wp-content\/uploads\/2022\/10\/Pipa-Convention-Bureau-04-300x300.jpg 300w, https:\/\/preservepipa.com\/wp-content\/uploads\/2022\/10\/Pipa-Convention-Bureau-04-150x150.jpg 150w, https:\/\/preservepipa.com\/wp-content\/uploads\/2022\/10\/Pipa-Convention-Bureau-04.jpg 682w\" sizes=\"(max-width: 300px) 100vw, 300px\" \/><\/a>\n\t\t\t<\/div><\/figure><figure class='gallery-item'>\n\t\t\t<div class='gallery-icon landscape'>\n\t\t\t\t<a data-elementor-open-lightbox=\"yes\" data-elementor-lightbox-slideshow=\"ae066c5\" data-elementor-lightbox-title=\"Pipa Convention Bureau 05\" data-e-action-hash=\"#elementor-action%3Aaction%3Dlightbox%26settings%3DeyJpZCI6MTg2NDYsInVybCI6Imh0dHBzOlwvXC9wcmVzZXJ2ZXBpcGEuY29tXC93cC1jb250ZW50XC91cGxvYWRzXC8yMDIyXC8xMFwvUGlwYS1Db252ZW50aW9uLUJ1cmVhdS0wNS5qcGciLCJzbGlkZXNob3ciOiJhZTA2NmM1In0%3D\" href='https:\/\/preservepipa.com\/wp-content\/uploads\/2022\/10\/Pipa-Convention-Bureau-05.jpg'><img loading=\"lazy\" decoding=\"async\" width=\"300\" height=\"300\" src=\"https:\/\/preservepipa.com\/wp-content\/uploads\/2022\/10\/Pipa-Convention-Bureau-05-300x300.jpg\" class=\"attachment-medium size-medium\" alt=\"\" srcset=\"https:\/\/preservepipa.com\/wp-content\/uploads\/2022\/10\/Pipa-Convention-Bureau-05-300x300.jpg 300w, https:\/\/preservepipa.com\/wp-content\/uploads\/2022\/10\/Pipa-Convention-Bureau-05-1024x1024.jpg 1024w, https:\/\/preservepipa.com\/wp-content\/uploads\/2022\/10\/Pipa-Convention-Bureau-05-150x150.jpg 150w, https:\/\/preservepipa.com\/wp-content\/uploads\/2022\/10\/Pipa-Convention-Bureau-05-768x768.jpg 768w, https:\/\/preservepipa.com\/wp-content\/uploads\/2022\/10\/Pipa-Convention-Bureau-05.jpg 1280w\" sizes=\"(max-width: 300px) 100vw, 300px\" \/><\/a>\n\t\t\t<\/div><\/figure><figure class='gallery-item'>\n\t\t\t<div class='gallery-icon landscape'>\n\t\t\t\t<a data-elementor-open-lightbox=\"yes\" data-elementor-lightbox-slideshow=\"ae066c5\" data-elementor-lightbox-title=\"Pipa Convention Bureau 06\" data-e-action-hash=\"#elementor-action%3Aaction%3Dlightbox%26settings%3DeyJpZCI6MTg2NDcsInVybCI6Imh0dHBzOlwvXC9wcmVzZXJ2ZXBpcGEuY29tXC93cC1jb250ZW50XC91cGxvYWRzXC8yMDIyXC8xMFwvUGlwYS1Db252ZW50aW9uLUJ1cmVhdS0wNi5qcGciLCJzbGlkZXNob3ciOiJhZTA2NmM1In0%3D\" href='https:\/\/preservepipa.com\/wp-content\/uploads\/2022\/10\/Pipa-Convention-Bureau-06.jpg'><img loading=\"lazy\" decoding=\"async\" width=\"300\" height=\"300\" src=\"https:\/\/preservepipa.com\/wp-content\/uploads\/2022\/10\/Pipa-Convention-Bureau-06-300x300.jpg\" class=\"attachment-medium size-medium\" alt=\"\" srcset=\"https:\/\/preservepipa.com\/wp-content\/uploads\/2022\/10\/Pipa-Convention-Bureau-06-300x300.jpg 300w, https:\/\/preservepipa.com\/wp-content\/uploads\/2022\/10\/Pipa-Convention-Bureau-06-150x150.jpg 150w, https:\/\/preservepipa.com\/wp-content\/uploads\/2022\/10\/Pipa-Convention-Bureau-06.jpg 682w\" sizes=\"(max-width: 300px) 100vw, 300px\" \/><\/a>\n\t\t\t<\/div><\/figure><figure class='gallery-item'>\n\t\t\t<div class='gallery-icon landscape'>\n\t\t\t\t<a data-elementor-open-lightbox=\"yes\" data-elementor-lightbox-slideshow=\"ae066c5\" data-elementor-lightbox-title=\"Pipa Convention Bureau 07\" data-e-action-hash=\"#elementor-action%3Aaction%3Dlightbox%26settings%3DeyJpZCI6MTg2NDgsInVybCI6Imh0dHBzOlwvXC9wcmVzZXJ2ZXBpcGEuY29tXC93cC1jb250ZW50XC91cGxvYWRzXC8yMDIyXC8xMFwvUGlwYS1Db252ZW50aW9uLUJ1cmVhdS0wNy5qcGciLCJzbGlkZXNob3ciOiJhZTA2NmM1In0%3D\" href='https:\/\/preservepipa.com\/wp-content\/uploads\/2022\/10\/Pipa-Convention-Bureau-07.jpg'><img loading=\"lazy\" decoding=\"async\" width=\"300\" height=\"300\" src=\"https:\/\/preservepipa.com\/wp-content\/uploads\/2022\/10\/Pipa-Convention-Bureau-07-300x300.jpg\" class=\"attachment-medium size-medium\" alt=\"\" srcset=\"https:\/\/preservepipa.com\/wp-content\/uploads\/2022\/10\/Pipa-Convention-Bureau-07-300x300.jpg 300w, https:\/\/preservepipa.com\/wp-content\/uploads\/2022\/10\/Pipa-Convention-Bureau-07-150x150.jpg 150w, https:\/\/preservepipa.com\/wp-content\/uploads\/2022\/10\/Pipa-Convention-Bureau-07.jpg 682w\" sizes=\"(max-width: 300px) 100vw, 300px\" \/><\/a>\n\t\t\t<\/div><\/figure><figure class='gallery-item'>\n\t\t\t<div class='gallery-icon landscape'>\n\t\t\t\t<a data-elementor-open-lightbox=\"yes\" data-elementor-lightbox-slideshow=\"ae066c5\" data-elementor-lightbox-title=\"Pipa Convention Bureau 08\" data-e-action-hash=\"#elementor-action%3Aaction%3Dlightbox%26settings%3DeyJpZCI6MTg2NDksInVybCI6Imh0dHBzOlwvXC9wcmVzZXJ2ZXBpcGEuY29tXC93cC1jb250ZW50XC91cGxvYWRzXC8yMDIyXC8xMFwvUGlwYS1Db252ZW50aW9uLUJ1cmVhdS0wOC5qcGciLCJzbGlkZXNob3ciOiJhZTA2NmM1In0%3D\" href='https:\/\/preservepipa.com\/wp-content\/uploads\/2022\/10\/Pipa-Convention-Bureau-08.jpg'><img loading=\"lazy\" decoding=\"async\" width=\"300\" height=\"300\" src=\"https:\/\/preservepipa.com\/wp-content\/uploads\/2022\/10\/Pipa-Convention-Bureau-08-300x300.jpg\" class=\"attachment-medium size-medium\" alt=\"\" srcset=\"https:\/\/preservepipa.com\/wp-content\/uploads\/2022\/10\/Pipa-Convention-Bureau-08-300x300.jpg 300w, https:\/\/preservepipa.com\/wp-content\/uploads\/2022\/10\/Pipa-Convention-Bureau-08-150x150.jpg 150w, https:\/\/preservepipa.com\/wp-content\/uploads\/2022\/10\/Pipa-Convention-Bureau-08.jpg 576w\" sizes=\"(max-width: 300px) 100vw, 300px\" \/><\/a>\n\t\t\t<\/div><\/figure>\n\t\t<\/div>\n\t\t<\/div>\n\t\t\t\t\t\t<\/div>\n\t\t\t\t<\/div>\n\t\t\t\t\t<\/div>\n\t\t<\/div>\n\t\t\t\t\t<\/div>\n\t\t<\/section>\n\t\t\t\t<\/div>","protected":false},"excerpt":{"rendered":"<p>Os Conventions Bureaus est\u00e3o presentes no mundo todo, atuando na promo\u00e7\u00e3o dos destinos tur\u00edsticos e na capta\u00e7\u00e3o de eventos. S\u00e3o entidades que representam a cadeia privada do turismo. S\u00e3o o porta-voz mais efetivo nas negocia\u00e7\u00f5es entre produtores de eventos e fornecedores, gerando boas oportunidades de neg\u00f3cios e fomentando a economia local. Em Pipa, o Convention [&hellip;]<\/p>","protected":false},"author":10,"featured_media":0,"parent":0,"menu_order":0,"comment_status":"closed","ping_status":"closed","template":"elementor_header_footer","meta":{"footnotes":""},"class_list":["post-18637","page","type-page","status-publish","hentry"],"yoast_head":"<!-- This site is optimized with the Yoast SEO Premium plugin v21.2 (Yoast SEO v24.2) - https:\/\/yoast.com\/wordpress\/plugins\/seo\/ -->\n<title>Pipa Convention &amp; Visitors Bureau - Hot\u00e9is em Pipa<\/title>\n<meta name=\"robots\" content=\"index, follow, max-snippet:-1, max-image-preview:large, max-video-preview:-1\" \/>\n<link rel=\"canonical\" href=\"https:\/\/preservepipa.com\/es\/wp-json\/wp\/v2\/pages\/18637\" \/>\n<meta property=\"og:locale\" content=\"es_ES\" \/>\n<meta property=\"og:type\" content=\"article\" \/>\n<meta property=\"og:title\" content=\"Pipa Convention &amp; Visitors Bureau\" \/>\n<meta property=\"og:description\" content=\"Os Conventions Bureaus est\u00e3o presentes no mundo todo, atuando na promo\u00e7\u00e3o dos destinos tur\u00edsticos e na capta\u00e7\u00e3o de eventos. S\u00e3o entidades que representam a cadeia privada do turismo. S\u00e3o o porta-voz mais efetivo nas negocia\u00e7\u00f5es entre produtores de eventos e fornecedores, gerando boas oportunidades de neg\u00f3cios e fomentando a economia local. Em Pipa, o Convention [&hellip;]\" \/>\n<meta property=\"og:url\" content=\"https:\/\/preservepipa.com\/es\/pipa-convention-e-visitors-bureau\/\" \/>\n<meta property=\"og:site_name\" content=\"Hot\u00e9is em Pipa\" \/>\n<meta property=\"article:publisher\" content=\"https:\/\/www.facebook.com\/preservepipa\" \/>\n<meta property=\"article:modified_time\" content=\"2023-12-04T15:45:35+00:00\" \/>\n<meta property=\"og:image\" content=\"http:\/\/preservepipa.com\/wp-content\/uploads\/2023\/12\/LOGOMARCA-Preserve-PIPA-Convention-1024x1024.jpeg\" \/>\n<meta name=\"twitter:card\" content=\"summary_large_image\" \/>\n<meta name=\"twitter:label1\" content=\"Tiempo de lectura\" \/>\n\t<meta name=\"twitter:data1\" content=\"3 minutos\" \/>\n<script type=\"application\/ld+json\" class=\"yoast-schema-graph\">{\"@context\":\"https:\/\/schema.org\",\"@graph\":[{\"@type\":\"WebPage\",\"@id\":\"https:\/\/preservepipa.com\/pipa-convention-e-visitors-bureau\/\",\"url\":\"https:\/\/preservepipa.com\/pipa-convention-e-visitors-bureau\/\",\"name\":\"Pipa Convention & Visitors Bureau - Hot\u00e9is em Pipa\",\"isPartOf\":{\"@id\":\"https:\/\/preservepipa.com\/#website\"},\"primaryImageOfPage\":{\"@id\":\"https:\/\/preservepipa.com\/pipa-convention-e-visitors-bureau\/#primaryimage\"},\"image\":{\"@id\":\"https:\/\/preservepipa.com\/pipa-convention-e-visitors-bureau\/#primaryimage\"},\"thumbnailUrl\":\"http:\/\/preservepipa.com\/wp-content\/uploads\/2023\/12\/LOGOMARCA-Preserve-PIPA-Convention-1024x1024.jpeg\",\"datePublished\":\"2022-10-31T15:57:06+00:00\",\"dateModified\":\"2023-12-04T15:45:35+00:00\",\"breadcrumb\":{\"@id\":\"https:\/\/preservepipa.com\/pipa-convention-e-visitors-bureau\/#breadcrumb\"},\"inLanguage\":\"es\",\"potentialAction\":[{\"@type\":\"ReadAction\",\"target\":[\"https:\/\/preservepipa.com\/pipa-convention-e-visitors-bureau\/\"]}]},{\"@type\":\"ImageObject\",\"inLanguage\":\"es\",\"@id\":\"https:\/\/preservepipa.com\/pipa-convention-e-visitors-bureau\/#primaryimage\",\"url\":\"http:\/\/preservepipa.com\/wp-content\/uploads\/2023\/12\/LOGOMARCA-Preserve-PIPA-Convention-1024x1024.jpeg\",\"contentUrl\":\"http:\/\/preservepipa.com\/wp-content\/uploads\/2023\/12\/LOGOMARCA-Preserve-PIPA-Convention-1024x1024.jpeg\"},{\"@type\":\"BreadcrumbList\",\"@id\":\"https:\/\/preservepipa.com\/pipa-convention-e-visitors-bureau\/#breadcrumb\",\"itemListElement\":[{\"@type\":\"ListItem\",\"position\":1,\"name\":\"Home\",\"item\":\"https:\/\/preservepipa.com\/\"},{\"@type\":\"ListItem\",\"position\":2,\"name\":\"Pipa Convention &#038; Visitors Bureau\"}]},{\"@type\":\"WebSite\",\"@id\":\"https:\/\/preservepipa.com\/#website\",\"url\":\"https:\/\/preservepipa.com\/\",\"name\":\"Hot\u00e9is em Pipa\",\"description\":\"Preserve Pipa\",\"publisher\":{\"@id\":\"https:\/\/preservepipa.com\/#organization\"},\"alternateName\":\"Hot\u00e9is em Pipa\",\"potentialAction\":[{\"@type\":\"SearchAction\",\"target\":{\"@type\":\"EntryPoint\",\"urlTemplate\":\"https:\/\/preservepipa.com\/?s={search_term_string}\"},\"query-input\":{\"@type\":\"PropertyValueSpecification\",\"valueRequired\":true,\"valueName\":\"search_term_string\"}}],\"inLanguage\":\"es\"},{\"@type\":\"Organization\",\"@id\":\"https:\/\/preservepipa.com\/#organization\",\"name\":\"Hot\u00e9is em Pipa\",\"url\":\"https:\/\/preservepipa.com\/\",\"logo\":{\"@type\":\"ImageObject\",\"inLanguage\":\"es\",\"@id\":\"https:\/\/preservepipa.com\/#\/schema\/logo\/image\/\",\"url\":\"https:\/\/preservepipa.com\/wp-content\/uploads\/2022\/09\/preserve-pipa-logo.svg\",\"contentUrl\":\"https:\/\/preservepipa.com\/wp-content\/uploads\/2022\/09\/preserve-pipa-logo.svg\",\"width\":426,\"height\":56,\"caption\":\"Hot\u00e9is em Pipa\"},\"image\":{\"@id\":\"https:\/\/preservepipa.com\/#\/schema\/logo\/image\/\"},\"sameAs\":[\"https:\/\/www.facebook.com\/preservepipa\",\"https:\/\/www.instagram.com\/preservepipa\"]}]}<\/script>\n<!-- \/ Yoast SEO Premium plugin. -->","yoast_head_json":{"title":"Pipa Convention & Visitors Bureau - Hot\u00e9is em Pipa","robots":{"index":"index","follow":"follow","max-snippet":"max-snippet:-1","max-image-preview":"max-image-preview:large","max-video-preview":"max-video-preview:-1"},"canonical":"https:\/\/preservepipa.com\/es\/wp-json\/wp\/v2\/pages\/18637","og_locale":"es_ES","og_type":"article","og_title":"Pipa Convention & Visitors Bureau","og_description":"Os Conventions Bureaus est\u00e3o presentes no mundo todo, atuando na promo\u00e7\u00e3o dos destinos tur\u00edsticos e na capta\u00e7\u00e3o de eventos. S\u00e3o entidades que representam a cadeia privada do turismo. S\u00e3o o porta-voz mais efetivo nas negocia\u00e7\u00f5es entre produtores de eventos e fornecedores, gerando boas oportunidades de neg\u00f3cios e fomentando a economia local. Em Pipa, o Convention [&hellip;]","og_url":"https:\/\/preservepipa.com\/es\/pipa-convention-e-visitors-bureau\/","og_site_name":"Hot\u00e9is em Pipa","article_publisher":"https:\/\/www.facebook.com\/preservepipa","article_modified_time":"2023-12-04T15:45:35+00:00","og_image":[{"url":"http:\/\/preservepipa.com\/wp-content\/uploads\/2023\/12\/LOGOMARCA-Preserve-PIPA-Convention-1024x1024.jpeg","type":"","width":"","height":""}],"twitter_card":"summary_large_image","twitter_misc":{"Tiempo de lectura":"3 minutos"},"schema":{"@context":"https:\/\/schema.org","@graph":[{"@type":"WebPage","@id":"https:\/\/preservepipa.com\/pipa-convention-e-visitors-bureau\/","url":"https:\/\/preservepipa.com\/pipa-convention-e-visitors-bureau\/","name":"Pipa Convention & Visitors Bureau - Hot\u00e9is em Pipa","isPartOf":{"@id":"https:\/\/preservepipa.com\/#website"},"primaryImageOfPage":{"@id":"https:\/\/preservepipa.com\/pipa-convention-e-visitors-bureau\/#primaryimage"},"image":{"@id":"https:\/\/preservepipa.com\/pipa-convention-e-visitors-bureau\/#primaryimage"},"thumbnailUrl":"http:\/\/preservepipa.com\/wp-content\/uploads\/2023\/12\/LOGOMARCA-Preserve-PIPA-Convention-1024x1024.jpeg","datePublished":"2022-10-31T15:57:06+00:00","dateModified":"2023-12-04T15:45:35+00:00","breadcrumb":{"@id":"https:\/\/preservepipa.com\/pipa-convention-e-visitors-bureau\/#breadcrumb"},"inLanguage":"es","potentialAction":[{"@type":"ReadAction","target":["https:\/\/preservepipa.com\/pipa-convention-e-visitors-bureau\/"]}]},{"@type":"ImageObject","inLanguage":"es","@id":"https:\/\/preservepipa.com\/pipa-convention-e-visitors-bureau\/#primaryimage","url":"http:\/\/preservepipa.com\/wp-content\/uploads\/2023\/12\/LOGOMARCA-Preserve-PIPA-Convention-1024x1024.jpeg","contentUrl":"http:\/\/preservepipa.com\/wp-content\/uploads\/2023\/12\/LOGOMARCA-Preserve-PIPA-Convention-1024x1024.jpeg"},{"@type":"BreadcrumbList","@id":"https:\/\/preservepipa.com\/pipa-convention-e-visitors-bureau\/#breadcrumb","itemListElement":[{"@type":"ListItem","position":1,"name":"Home","item":"https:\/\/preservepipa.com\/"},{"@type":"ListItem","position":2,"name":"Pipa Convention &#038; Visitors Bureau"}]},{"@type":"WebSite","@id":"https:\/\/preservepipa.com\/#website","url":"https:\/\/preservepipa.com\/","name":"Hot\u00e9is em Pipa","description":"Preserve Pipa","publisher":{"@id":"https:\/\/preservepipa.com\/#organization"},"alternateName":"Hot\u00e9is em Pipa","potentialAction":[{"@type":"SearchAction","target":{"@type":"EntryPoint","urlTemplate":"https:\/\/preservepipa.com\/?s={search_term_string}"},"query-input":{"@type":"PropertyValueSpecification","valueRequired":true,"valueName":"search_term_string"}}],"inLanguage":"es"},{"@type":"Organization","@id":"https:\/\/preservepipa.com\/#organization","name":"Hot\u00e9is em Pipa","url":"https:\/\/preservepipa.com\/","logo":{"@type":"ImageObject","inLanguage":"es","@id":"https:\/\/preservepipa.com\/#\/schema\/logo\/image\/","url":"https:\/\/preservepipa.com\/wp-content\/uploads\/2022\/09\/preserve-pipa-logo.svg","contentUrl":"https:\/\/preservepipa.com\/wp-content\/uploads\/2022\/09\/preserve-pipa-logo.svg","width":426,"height":56,"caption":"Hot\u00e9is em Pipa"},"image":{"@id":"https:\/\/preservepipa.com\/#\/schema\/logo\/image\/"},"sameAs":["https:\/\/www.facebook.com\/preservepipa","https:\/\/www.instagram.com\/preservepipa"]}]}},"_links":{"self":[{"href":"https:\/\/preservepipa.com\/es\/wp-json\/wp\/v2\/pages\/18637","targetHints":{"allow":["GET"]}}],"collection":[{"href":"https:\/\/preservepipa.com\/es\/wp-json\/wp\/v2\/pages"}],"about":[{"href":"https:\/\/preservepipa.com\/es\/wp-json\/wp\/v2\/types\/page"}],"author":[{"embeddable":true,"href":"https:\/\/preservepipa.com\/es\/wp-json\/wp\/v2\/users\/10"}],"replies":[{"embeddable":true,"href":"https:\/\/preservepipa.com\/es\/wp-json\/wp\/v2\/comments?post=18637"}],"version-history":[{"count":11,"href":"https:\/\/preservepipa.com\/es\/wp-json\/wp\/v2\/pages\/18637\/revisions"}],"predecessor-version":[{"id":23730,"href":"https:\/\/preservepipa.com\/es\/wp-json\/wp\/v2\/pages\/18637\/revisions\/23730"}],"wp:attachment":[{"href":"https:\/\/preservepipa.com\/es\/wp-json\/wp\/v2\/media?parent=18637"}],"curies":[{"name":"wp","href":"https:\/\/api.w.org\/{rel}","templated":true}]}}